{"id":9294,"date":"2025-04-07T14:16:30","date_gmt":"2025-04-07T12:16:30","guid":{"rendered":"https:\/\/ferienwohnungen-simone.com\/impressum\/"},"modified":"2025-06-21T08:10:58","modified_gmt":"2025-06-21T06:10:58","slug":"legal-notice","status":"publish","type":"page","link":"https:\/\/ferienwohnungen-simone.com\/en\/legal-notice\/","title":{"rendered":"Legal notice"},"content":{"rendered":"\t\t<div data-elementor-type=\"wp-page\" data-elementor-id=\"9294\" class=\"elementor elementor-9294\" data-elementor-post-type=\"page\">\n\t\t\t\t<div class=\"elementor-element elementor-element-0680386 e-flex e-con-boxed e-con e-parent\" data-id=\"0680386\" data-element_type=\"container\">\n\t\t\t\t\t<div class=\"e-con-inner\">\n\t\t\t\t<div class=\"elementor-element elementor-element-dbf2e8b elementor-widget elementor-widget-heading\" data-id=\"dbf2e8b\" data-element_type=\"widget\" data-widget_type=\"heading.default\">\n\t\t\t\t<div class=\"elementor-widget-container\">\n\t\t\t\t\t<h2 class=\"elementor-heading-title elementor-size-default\">Impressum<\/h2>\t\t\t\t<\/div>\n\t\t\t\t<\/div>\n\t\t\t\t<div class=\"elementor-element elementor-element-6728b21 elementor-widget elementor-widget-text-editor\" data-id=\"6728b21\" data-element_type=\"widget\" data-widget_type=\"text-editor.default\">\n\t\t\t\t<div class=\"elementor-widget-container\">\n\t\t\t\t\t\t\t\t\t<p>Publisher of this website:<br \/>Ferienwohnungen Simone<br \/>Untere Dorfstra\u00dfe 284<br \/>A- 5742 K\u00f6nigsleiten<br \/>Republic of Austria<br \/>Contact via:<br \/>Werner Lang<br \/>Obere Lindenstra\u00dfe 21<br \/>D-85283 Wolnzach<br \/>Federal Republic of Germany<br \/>Tel.: +49 (8442) 4252<br \/>Fax:<br \/>Email: info@ferienwohnungen-simone.com<br \/>Website: www.ferienwohnungen-simone.com<br \/>Place of jurisdiction<br \/>Zell am See Local Court, Austria<br \/>VAT identification number:<br \/>ATU61651536<br \/>Responsible for content:<br \/>Mr Werner Lang, owner of \u2018Ferienwohnungen Simone\u2019<br \/>(contact details as listed under \u2018Publisher of this website\u2019)<br \/>Contents<br \/>All information and explanations on this website are non-binding. Ferienwohnungen Simone (Werner Lang) accepts no liability for the accuracy and completeness of the contents. No guarantees are given and no assurances are made regarding product properties. No legal claims can be derived from the content of the website. Errors in the content will be corrected immediately upon discovery. The content of the website may not be permanently up to date due to delays in updating. Please therefore ask us about the status, technical details and availability of products and services. Links to other websites are not permanently monitored. We therefore accept no responsibility for the content of linked sites.<br \/>Downloading data and software<br \/>Ferienwohnungen Simone (Werner Lang) accepts no liability for the accuracy of data and software that can be downloaded from the website. The software is checked for viruses by Ferienwohnungen Simone (Werner Lang). However, we recommend that you check data and software for viruses using the latest virus detection software after downloading.<br \/>Copyright and other special rights:<br \/>The content of this website is protected by copyright. A copy of the information on the website may be stored on a single computer for non-commercial and personal internal use. Graphics, texts, logos, images, etc. may only be downloaded, reproduced, copied, modified, published, sent, transferred or used in any other form with the written permission of Ferienwohnungen Simone (Werner Lang). Product and company names mentioned may be registered trademarks or brands. Unauthorised use may result in claims for damages and injunctive relief.<br \/>Protection of personal data and confidentiality<br \/>We cannot guarantee that information or personal data transmitted to us will not be \u2018intercepted\u2019 by third parties during transmission.<br \/>Liability<br \/>Ferienwohnungen Simone (Werner Lang) is not liable for damages, in particular for direct or indirect consequential damages, loss of data, loss of profit, system or production failures resulting from the use of this website or the downloading of data. If damage resulting from the use of the website or the downloading of data is due to intent or gross negligence, the exclusion of liability does not apply. The legal relationship between you and Ferienwohnungen Simone (Werner Lang) arising from the use of the website is subject to the laws of the Federal Republic of Germany. In the event of legal disputes with registered traders arising from the use of this website, the place of jurisdiction is the registered office of Ferienwohnungen Simone (Werner Lang) in Wolnzach.<br \/>Explanations on data protection<br \/>As a rule, you can access all Internet pages of Ferienwohnungen Simone (Werner Lang) without providing any personal information. If, in individual cases, your name, address or other personal data are required, you will be notified in advance. Your personal usage data will be used to make the service of Ferienwohnungen Simone (Werner Lang) as pleasant as possible for you and to improve it.<br \/>If you decide to provide Ferienwohnungen Simone (Werner Lang) with personal data via the Internet, e.g. for correspondence or to place an order, this data will be handled carefully in accordance with the strict provisions of the German Federal Data Protection Act (BDSG).<br \/>When you visit the website, Ferienwohnungen Simone (Werner Lang) receives usage data that is stored for security purposes and may allow identification (e.g. IP address, date, time and pages viewed). This data is evaluated by Ferienwohnungen Simone (Werner Lang) to learn about user behaviour and compile statistics. All measures are taken in accordance with the high security standards of the Teleservices Data Protection Act (TDDSG) and the Data Protection Ordinance for Telecommunications Companies (TDSV). No personal data is used. We reserve the right to statistically evaluate anonymised data records.<br \/>Further information on data protection in the Federal Republic of Germany can be found here: www.bfd.bund.de<br \/>Disclosure of personal information to third parties<br \/>If data is passed on to service providers within the scope of order data processing, they are bound by the BDSG, other legal regulations and contractually by the privacy policy of Ferienwohnungen Simone (Werner Lang). Insofar as Ferienwohnungen Simone (Werner Lang) is obliged to do so by law or by court order, it will transfer your data to authorised bodies to the extent required.<br \/>Ferienwohnungen Simone (Werner Lang) will not pass on your data to third parties for other purposes without your express consent.<br \/>Security<br \/>Ferienwohnungen Simone (Werner Lang) stores your data on specially protected servers in Germany. Access to these servers is only possible for a few persons authorised by Ferienwohnungen Simone (Werner Lang) who are involved in the technical, commercial or editorial support of these servers.<br \/>Right of revocation<br \/>If you request Ferienwohnungen Simone (Werner Lang) not to use your personal data for further contact and\/or to delete it, we will proceed accordingly. Data that is absolutely necessary for order processing or for commercial purposes is not affected by a cancellation or deletion.<br \/>Please understand that in the event of revocation, the personalised service can no longer be provided, as it is based on the use of customer data.<br \/>Use of cookies<br \/>During an online session, text information is collected in cookies and stored in a special file in ASCII format (cookie.txt) on the user&#8217;s hard drive. The user&#8217;s web browser controls where the cookie is stored on the user&#8217;s computer. Cookies are pieces of information that are sent back to the server during the next online visit. They can only be read by the server that previously stored them.<br \/>Ferienwohnungen Simone (Werner Lang) only uses cookies if they are absolutely necessary for user functions or to facilitate navigation of the website. The information is not made available to third parties, as cookies are only used for the above-mentioned purposes.<br \/>Most browsers are set to automatically accept cookies. However, this function can be deactivated in your browser at any time. You can set your browser to notify you when cookies are sent.<br \/>Links to other websites<br \/>The websites of Ferienwohnungen Simone (Werner Lang) may contain links to other websites. Ferienwohnungen Simone (Werner Lang) has no influence on the editorial content of external websites and cannot guarantee that their operators comply with data protection regulations.<br \/>Advertising<br \/>The websites of Ferienwohnungen Simone (Werner Lang) do not normally contain advertising space. If this is not the case, the advertising is delivered via external ad servers. The data collected in connection with online advertising (ad impressions, ad clicks) is used exclusively for statistical evaluation and to create reports for advertising customers. No personal data is used in this process.<br \/>Cookies may be used to deliver advertising without Ferienwohnungen Simone (Werner Lang) having any influence on this.<\/p>\t\t\t\t\t\t\t\t<\/div>\n\t\t\t\t<\/div>\n\t\t\t\t\t<\/div>\n\t\t\t\t<\/div>\n\t\t\t\t<\/div>\n\t\t","protected":false},"excerpt":{"rendered":"<p>Impressum Publisher of this website:Ferienwohnungen SimoneUntere Dorfstra\u00dfe 284A- 5742 K\u00f6nigsleitenRepublic of AustriaContact via:Werner LangObere Lindenstra\u00dfe 21D-85283 WolnzachFederal Republic of GermanyTel.: +49 (8442) 4252Fax:Email: info@ferienwohnungen-simone.comWebsite: www.ferienwohnungen-simone.comPlace of jurisdictionZell am See Local Court, AustriaVAT identification number:ATU61651536Responsible for content:Mr Werner Lang, owner of \u2018Ferienwohnungen Simone\u2019(contact details as listed under \u2018Publisher of this website\u2019)ContentsAll information and explanations on this [&hellip;]<\/p>\n","protected":false},"author":1,"featured_media":0,"parent":0,"menu_order":0,"comment_status":"closed","ping_status":"closed","template":"","meta":{"footnotes":""},"class_list":["post-9294","page","type-page","status-publish","hentry"],"yoast_head":"<!-- This site is optimized with the Yoast SEO plugin v26.6 - https:\/\/yoast.com\/wordpress\/plugins\/seo\/ -->\n<title>Legal notice - ferienwohnungen-simone.com<\/title>\n<meta name=\"robots\" content=\"noindex, nofollow\" \/>\n<meta property=\"og:locale\" content=\"en_US\" \/>\n<meta property=\"og:type\" content=\"article\" \/>\n<meta property=\"og:title\" content=\"Legal notice - ferienwohnungen-simone.com\" \/>\n<meta property=\"og:description\" content=\"Impressum Publisher of this website:Ferienwohnungen SimoneUntere Dorfstra\u00dfe 284A- 5742 K\u00f6nigsleitenRepublic of AustriaContact via:Werner LangObere Lindenstra\u00dfe 21D-85283 WolnzachFederal Republic of GermanyTel.: +49 (8442) 4252Fax:Email: info@ferienwohnungen-simone.comWebsite: www.ferienwohnungen-simone.comPlace of jurisdictionZell am See Local Court, AustriaVAT identification number:ATU61651536Responsible for content:Mr Werner Lang, owner of \u2018Ferienwohnungen Simone\u2019(contact details as listed under \u2018Publisher of this website\u2019)ContentsAll information and explanations on this [&hellip;]\" \/>\n<meta property=\"og:url\" content=\"https:\/\/ferienwohnungen-simone.com\/en\/legal-notice\/\" \/>\n<meta property=\"og:site_name\" content=\"ferienwohnungen-simone.com\" \/>\n<meta property=\"article:modified_time\" content=\"2025-06-21T06:10:58+00:00\" \/>\n<meta name=\"twitter:card\" content=\"summary_large_image\" \/>\n<meta name=\"twitter:label1\" content=\"Est. reading time\" \/>\n\t<meta name=\"twitter:data1\" content=\"6 minutes\" \/>\n<script type=\"application\/ld+json\" class=\"yoast-schema-graph\">{\"@context\":\"https:\/\/schema.org\",\"@graph\":[{\"@type\":\"WebPage\",\"@id\":\"https:\/\/ferienwohnungen-simone.com\/en\/legal-notice\/\",\"url\":\"https:\/\/ferienwohnungen-simone.com\/en\/legal-notice\/\",\"name\":\"Legal notice - ferienwohnungen-simone.com\",\"isPartOf\":{\"@id\":\"https:\/\/ferienwohnungen-simone.com\/#website\"},\"datePublished\":\"2025-04-07T12:16:30+00:00\",\"dateModified\":\"2025-06-21T06:10:58+00:00\",\"breadcrumb\":{\"@id\":\"https:\/\/ferienwohnungen-simone.com\/en\/legal-notice\/#breadcrumb\"},\"inLanguage\":\"en-US\",\"potentialAction\":[{\"@type\":\"ReadAction\",\"target\":[\"https:\/\/ferienwohnungen-simone.com\/en\/legal-notice\/\"]}]},{\"@type\":\"BreadcrumbList\",\"@id\":\"https:\/\/ferienwohnungen-simone.com\/en\/legal-notice\/#breadcrumb\",\"itemListElement\":[{\"@type\":\"ListItem\",\"position\":1,\"name\":\"Startseite\",\"item\":\"https:\/\/ferienwohnungen-simone.com\/en\/\"},{\"@type\":\"ListItem\",\"position\":2,\"name\":\"Legal notice\"}]},{\"@type\":\"WebSite\",\"@id\":\"https:\/\/ferienwohnungen-simone.com\/#website\",\"url\":\"https:\/\/ferienwohnungen-simone.com\/\",\"name\":\"ferienwohnungen-simone.com\",\"description\":\"\",\"potentialAction\":[{\"@type\":\"SearchAction\",\"target\":{\"@type\":\"EntryPoint\",\"urlTemplate\":\"https:\/\/ferienwohnungen-simone.com\/?s={search_term_string}\"},\"query-input\":{\"@type\":\"PropertyValueSpecification\",\"valueRequired\":true,\"valueName\":\"search_term_string\"}}],\"inLanguage\":\"en-US\"}]}<\/script>\n<!-- \/ Yoast SEO plugin. -->","yoast_head_json":{"title":"Legal notice - ferienwohnungen-simone.com","robots":{"index":"noindex","follow":"nofollow"},"og_locale":"en_US","og_type":"article","og_title":"Legal notice - ferienwohnungen-simone.com","og_description":"Impressum Publisher of this website:Ferienwohnungen SimoneUntere Dorfstra\u00dfe 284A- 5742 K\u00f6nigsleitenRepublic of AustriaContact via:Werner LangObere Lindenstra\u00dfe 21D-85283 WolnzachFederal Republic of GermanyTel.: +49 (8442) 4252Fax:Email: info@ferienwohnungen-simone.comWebsite: www.ferienwohnungen-simone.comPlace of jurisdictionZell am See Local Court, AustriaVAT identification number:ATU61651536Responsible for content:Mr Werner Lang, owner of \u2018Ferienwohnungen Simone\u2019(contact details as listed under \u2018Publisher of this website\u2019)ContentsAll information and explanations on this [&hellip;]","og_url":"https:\/\/ferienwohnungen-simone.com\/en\/legal-notice\/","og_site_name":"ferienwohnungen-simone.com","article_modified_time":"2025-06-21T06:10:58+00:00","twitter_card":"summary_large_image","twitter_misc":{"Est. reading time":"6 minutes"},"schema":{"@context":"https:\/\/schema.org","@graph":[{"@type":"WebPage","@id":"https:\/\/ferienwohnungen-simone.com\/en\/legal-notice\/","url":"https:\/\/ferienwohnungen-simone.com\/en\/legal-notice\/","name":"Legal notice - ferienwohnungen-simone.com","isPartOf":{"@id":"https:\/\/ferienwohnungen-simone.com\/#website"},"datePublished":"2025-04-07T12:16:30+00:00","dateModified":"2025-06-21T06:10:58+00:00","breadcrumb":{"@id":"https:\/\/ferienwohnungen-simone.com\/en\/legal-notice\/#breadcrumb"},"inLanguage":"en-US","potentialAction":[{"@type":"ReadAction","target":["https:\/\/ferienwohnungen-simone.com\/en\/legal-notice\/"]}]},{"@type":"BreadcrumbList","@id":"https:\/\/ferienwohnungen-simone.com\/en\/legal-notice\/#breadcrumb","itemListElement":[{"@type":"ListItem","position":1,"name":"Startseite","item":"https:\/\/ferienwohnungen-simone.com\/en\/"},{"@type":"ListItem","position":2,"name":"Legal notice"}]},{"@type":"WebSite","@id":"https:\/\/ferienwohnungen-simone.com\/#website","url":"https:\/\/ferienwohnungen-simone.com\/","name":"ferienwohnungen-simone.com","description":"","potentialAction":[{"@type":"SearchAction","target":{"@type":"EntryPoint","urlTemplate":"https:\/\/ferienwohnungen-simone.com\/?s={search_term_string}"},"query-input":{"@type":"PropertyValueSpecification","valueRequired":true,"valueName":"search_term_string"}}],"inLanguage":"en-US"}]}},"_links":{"self":[{"href":"https:\/\/ferienwohnungen-simone.com\/en\/wp-json\/wp\/v2\/pages\/9294","targetHints":{"allow":["GET"]}}],"collection":[{"href":"https:\/\/ferienwohnungen-simone.com\/en\/wp-json\/wp\/v2\/pages"}],"about":[{"href":"https:\/\/ferienwohnungen-simone.com\/en\/wp-json\/wp\/v2\/types\/page"}],"author":[{"embeddable":true,"href":"https:\/\/ferienwohnungen-simone.com\/en\/wp-json\/wp\/v2\/users\/1"}],"replies":[{"embeddable":true,"href":"https:\/\/ferienwohnungen-simone.com\/en\/wp-json\/wp\/v2\/comments?post=9294"}],"version-history":[{"count":7,"href":"https:\/\/ferienwohnungen-simone.com\/en\/wp-json\/wp\/v2\/pages\/9294\/revisions"}],"predecessor-version":[{"id":9391,"href":"https:\/\/ferienwohnungen-simone.com\/en\/wp-json\/wp\/v2\/pages\/9294\/revisions\/9391"}],"wp:attachment":[{"href":"https:\/\/ferienwohnungen-simone.com\/en\/wp-json\/wp\/v2\/media?parent=9294"}],"curies":[{"name":"wp","href":"https:\/\/api.w.org\/{rel}","templated":true}]}}